{"id":418,"date":"2022-02-14T10:13:52","date_gmt":"2022-02-14T10:13:52","guid":{"rendered":"https:\/\/xn--sdvolumen-q9a.jp-labs.de\/wordpress\/?page_id=418"},"modified":"2023-01-05T07:27:15","modified_gmt":"2023-01-05T07:27:15","slug":"branchen","status":"publish","type":"page","link":"https:\/\/ci-gruppe.de\/?page_id=418","title":{"rendered":"Branchen"},"content":{"rendered":"<div>Egal, in welcher <strong>Branche<\/strong> Sie t\u00e4tig sind \u2013<\/div>\n<h1>Wir bieten Ihnen umfassende <strong>L\u00f6sungen<\/h1>\n<div>\n<p>Lorem ipsum dolor sit amet, consetetur sadipscing elitr, sed diam nonumy eirmod tempor invidunt ut labore et dolore magna aliquyam erat, sed diam voluptua. At vero eos et accusam et justo duo dolores et ea rebum. Stet clita kasd gubergren, no sea takimata sanctus est Lorem ipsum dolor sit amet.<\/p>\n<p>Lorem ipsum dolor sit amet, consetetur sadipscing elitr, sed diam nonumy eirmod tempor invidunt ut labore et dolore magna aliquyam erat, sed diam voluptua. At vero eos et accusam et justo duo dolores et ea rebum. Stet clita kasd gubergren, no sea takimata sanctus est Lorem ipsum dolor sit amet.<\/p>\n<\/div>\n<ul>\n<li>\n<p>        <img decoding=\"async\" data-src=\"\/wordpress\/wp-content\/uploads\/2022\/11\/stahl.svg\" alt=\"\" src=\"data:image\/gif;base64,R0lGODlhAQABAAAAACH5BAEKAAEALAAAAAABAAEAAAICTAEAOw==\" class=\"lazyload\"><noscript><img decoding=\"async\" src=\"\/wordpress\/wp-content\/uploads\/2022\/11\/stahl.svg\" alt=\"\"><\/noscript><\/p>\n<h3>Baustoffe<\/h3>\n<div>\n<p>Lose, staubf\u00f6rmige Produkte | Sch\u00fcttg\u00fcter aller Art | Palletierte Ware<\/p>\n<\/div>\n<p><a href=\"#\"><\/a><\/p>\n<\/li>\n<li>\n<p>        <img decoding=\"async\" data-src=\"\/wordpress\/wp-content\/uploads\/2022\/11\/recycling.svg\" alt=\"\" src=\"data:image\/gif;base64,R0lGODlhAQABAAAAACH5BAEKAAEALAAAAAABAAEAAAICTAEAOw==\" class=\"lazyload\"><noscript><img decoding=\"async\" src=\"\/wordpress\/wp-content\/uploads\/2022\/11\/recycling.svg\" alt=\"\"><\/noscript><\/p>\n<h3>Entsorgungs&shy;logistik<\/h3>\n<div>\n<p class=\"m_-2740584638003417259MsoListParagraph\"><span>Flugaschen, Zement, Moertel, Kalk, Gips, Streusalze<\/span><\/p>\n<\/div>\n<p><a href=\"#\"><\/a><\/p>\n<\/li>\n<li>\n<p>        <img decoding=\"async\" data-src=\"\/wordpress\/wp-content\/uploads\/2022\/12\/landwirtschaft.svg\" alt=\"\" src=\"data:image\/gif;base64,R0lGODlhAQABAAAAACH5BAEKAAEALAAAAAABAAEAAAICTAEAOw==\" class=\"lazyload\"><noscript><img decoding=\"async\" src=\"\/wordpress\/wp-content\/uploads\/2022\/12\/landwirtschaft.svg\" alt=\"\"><\/noscript><\/p>\n<h3>Landwirtschaft <\/h3>\n<div>\n<p>GMP | Massensch\u00fcttg\u00fcter im Agrarbereich<\/p>\n<\/div>\n<p><a href=\"#\"><\/a><\/p>\n<\/li>\n<li>\n<p>        <img decoding=\"async\" data-src=\"\/wordpress\/wp-content\/uploads\/2022\/12\/lit-logo_2.svg\" alt=\"\" src=\"data:image\/gif;base64,R0lGODlhAQABAAAAACH5BAEKAAEALAAAAAABAAEAAAICTAEAOw==\" class=\"lazyload\"><noscript><img decoding=\"async\" src=\"\/wordpress\/wp-content\/uploads\/2022\/12\/lit-logo_2.svg\" alt=\"\"><\/noscript><\/p>\n<h3>Weitere Branchen<\/h3>\n<p><a href=\"https:\/\/www.lit.de\/\"><\/a><\/p>\n<\/li>\n<\/ul>\n<div>\n<p>Sie m\u00f6chten uns schreiben? Nutzen Sie unser <strong>Kontaktformular<\/strong> \u2013 wir melden uns bei Ihnen.<\/p>\n<\/div>\n<div>\n\n<div class=\"wpcf7 no-js\" id=\"wpcf7-f182-o1\" lang=\"de-DE\" dir=\"ltr\">\n<div class=\"screen-reader-response\"><p role=\"status\" aria-live=\"polite\" aria-atomic=\"true\"><\/p> <ul><\/ul><\/div>\n<form action=\"\/index.php?rest_route=%2Fwp%2Fv2%2Fpages%2F418#wpcf7-f182-o1\" method=\"post\" class=\"wpcf7-form init\" id=\"contact-form-7\" aria-label=\"Kontaktformular\" novalidate=\"novalidate\" data-status=\"init\">\n<div style=\"display: none;\">\n<input type=\"hidden\" name=\"_wpcf7\" value=\"182\" \/>\n<input type=\"hidden\" name=\"_wpcf7_version\" value=\"5.9.6\" \/>\n<input type=\"hidden\" name=\"_wpcf7_locale\" value=\"de_DE\" \/>\n<input type=\"hidden\" name=\"_wpcf7_unit_tag\" value=\"wpcf7-f182-o1\" \/>\n<input type=\"hidden\" name=\"_wpcf7_container_post\" value=\"0\" \/>\n<input type=\"hidden\" name=\"_wpcf7_posted_data_hash\" value=\"\" \/>\n<\/div>\n<p><label> <span class=\"wpcf7-form-control-wrap\" data-name=\"your-name\"><input size=\"40\" maxlength=\"80\" class=\"wpcf7-form-control wpcf7-text wpcf7-validates-as-required\" aria-required=\"true\" aria-invalid=\"false\" placeholder=\"Vorname, Name\" value=\"\" type=\"text\" name=\"your-name\" \/><\/span> <\/label>\n<\/p>\n<p><label> <span class=\"wpcf7-form-control-wrap\" data-name=\"your-email\"><input size=\"40\" maxlength=\"80\" class=\"wpcf7-form-control wpcf7-email wpcf7-validates-as-required wpcf7-text wpcf7-validates-as-email\" aria-required=\"true\" aria-invalid=\"false\" placeholder=\"Ihre E-Mail Adresse\" value=\"\" type=\"email\" name=\"your-email\" \/><\/span> <\/label>\n<\/p>\n<p><label> <span class=\"wpcf7-form-control-wrap\" data-name=\"tel-946\"><input size=\"40\" maxlength=\"80\" class=\"wpcf7-form-control wpcf7-tel wpcf7-text wpcf7-validates-as-tel\" aria-invalid=\"false\" placeholder=\"Ihre Telefonnummer\" value=\"\" type=\"tel\" name=\"tel-946\" \/><\/span> <\/label>\n<\/p>\n<p><label> <span class=\"wpcf7-form-control-wrap\" data-name=\"your-message\"><textarea cols=\"40\" rows=\"10\" maxlength=\"400\" class=\"wpcf7-form-control wpcf7-textarea wpcf7-validates-as-required\" aria-required=\"true\" aria-invalid=\"false\" placeholder=\"Ihre Nachricht\" name=\"your-message\"><\/textarea><\/span> <\/label>\n<\/p>\n<p><span class=\"wpcf7-form-control-wrap\" data-name=\"checkbox-833\"><span class=\"wpcf7-form-control wpcf7-checkbox wpcf7-validates-as-required\"><span class=\"wpcf7-list-item first last\"><label><input type=\"checkbox\" name=\"checkbox-833[]\" value=\"Durch das Anklicken des Buttons \u201eE-Mail abschicken\u201c erkl\u00e4re ich mich damit einverstanden, dass die CI Gruppe mit mir Kontakt per E-Mail oder Telefon aufnimmt. Meine Einwilligung kann ich jederzeit gegen\u00fcber der CI Gruppe widerrufen. Mehr Informationen finden Sie auf unserer Datenschutz-Seite.\" \/><span class=\"wpcf7-list-item-label\">Durch das Anklicken des Buttons \u201eE-Mail abschicken\u201c erkl\u00e4re ich mich damit einverstanden, dass die CI Gruppe mit mir Kontakt per E-Mail oder Telefon aufnimmt. Meine Einwilligung kann ich jederzeit gegen\u00fcber der CI Gruppe widerrufen. Mehr Informationen finden Sie auf unserer Datenschutz-Seite.<\/span><\/label><\/span><\/span><\/span>\n<\/p><div class=\"wpcf7-response-output\" aria-hidden=\"true\"><\/div>\n<\/form>\n<\/div>\n\n<\/div>\n<div>\n<p>    <button form=\"contact-form-7\" type=\"submit\" class=\"el-content uk-button uk-button-secondary\"><br \/>\n    Senden<br \/>\n<\/button>\n<\/div>\n<p><!--more--><br \/>\n<!-- {\"name\":\"home\",\"type\":\"layout\",\"children\":[{\"type\":\"section\",\"props\":{\"style\":\"default\",\"width\":\"xlarge\",\"vertical_align\":\"middle\",\"title_position\":\"top-left\",\"title_rotation\":\"left\",\"title_breakpoint\":\"xl\",\"image_position\":\"center-center\",\"padding\":\"large\",\"padding_remove_bottom\":false,\"image_size\":\"cover\",\"image_width\":\"2560\",\"image\":\"wp-content\\\/uploads\\\/2023\\\/01\\\/1000_F_124810254_mZX4VYfmGGsQfDBNV3iHg3vEBrXBWbH8.jpg\",\"text_color\":\"light\",\"image_effect\":\"parallax\",\"image_parallax_bgx\":\",-\",\"image_parallax_easing\":\"1\",\"image_parallax_bgy\":\"-80\"},\"children\":[{\"type\":\"row\",\"props\":{\"margin_remove_top\":false},\"children\":[{\"type\":\"column\",\"props\":{\"image_position\":\"center-center\",\"media_overlay_gradient\":\"\",\"width_medium\":\"1-1\",\"position_sticky_breakpoint\":\"m\"},\"children\":[]}]}],\"name\":\"Hero\"},{\"type\":\"section\",\"props\":{\"style\":\"default\",\"width\":\"default\",\"vertical_align\":\"middle\",\"title_position\":\"top-left\",\"title_rotation\":\"left\",\"title_breakpoint\":\"xl\",\"image_position\":\"center-center\",\"padding_remove_bottom\":false},\"children\":[{\"type\":\"row\",\"children\":[{\"type\":\"column\",\"props\":{\"image_position\":\"center-center\",\"media_overlay_gradient\":\"\",\"width_medium\":\"1-1\",\"position_sticky_breakpoint\":\"m\"},\"children\":[{\"type\":\"headline\",\"props\":{\"title_element\":\"div\",\"content\":\"Egal, in welcher <strong>Branche<\\\/strong> Sie t\\u00e4tig sind \\u2013\",\"margin\":\"default\",\"title_style\":\"h2\",\"animation\":\"slide-bottom-small\",\"title_color\":\"primary\",\"margin_remove_top\":false,\"margin_remove_bottom\":true}},{\"type\":\"headline\",\"props\":{\"title_element\":\"h1\",\"content\":\"Wir bieten Ihnen umfassende <strong>L\\u00f6sungen\",\"margin\":\"default\",\"title_style\":\"h2\",\"animation\":\"slide-bottom-small\",\"title_color\":\"secondary\",\"margin_remove_top\":true}},{\"type\":\"text\",\"props\":{\"margin\":\"default\",\"column_breakpoint\":\"m\",\"content\":\"\n\n<p>Lorem ipsum dolor sit amet, consetetur sadipscing elitr, sed diam nonumy eirmod tempor invidunt ut labore et dolore magna aliquyam erat, sed diam voluptua. At vero eos et accusam et justo duo dolores et ea rebum. Stet clita kasd gubergren, no sea takimata sanctus est Lorem ipsum dolor sit amet.<\\\/p>\\n\n\n<p>Lorem ipsum dolor sit amet, consetetur sadipscing elitr, sed diam nonumy eirmod tempor invidunt ut labore et dolore magna aliquyam erat, sed diam voluptua. At vero eos et accusam et justo duo dolores et ea rebum. Stet clita kasd gubergren, no sea takimata sanctus est Lorem ipsum dolor sit amet.<\\\/p>\",\"column\":\"1-2\"}}]}],\"props\":{\"row_gap\":\"large\"}},{\"type\":\"row\",\"props\":{\"width\":\"default\",\"match\":true,\"column_gap\":\"small\",\"row_gap\":\"small\"},\"children\":[{\"type\":\"column\",\"props\":{\"position_sticky_breakpoint\":\"m\",\"image_position\":\"center-center\",\"media_overlay_gradient\":\"\",\"width_medium\":\"\"},\"children\":[{\"type\":\"grid\",\"props\":{\"show_title\":true,\"show_meta\":true,\"show_content\":true,\"show_image\":true,\"show_link\":true,\"grid_default\":\"1\",\"grid_medium\":\"4\",\"filter_style\":\"tab\",\"filter_all\":true,\"filter_position\":\"top\",\"filter_align\":\"left\",\"filter_grid_width\":\"auto\",\"filter_grid_breakpoint\":\"m\",\"title_hover_style\":\"reset\",\"title_element\":\"h3\",\"title_align\":\"top\",\"title_grid_width\":\"1-2\",\"title_grid_breakpoint\":\"m\",\"meta_style\":\"h4\",\"meta_align\":\"below-title\",\"meta_element\":\"div\",\"content_column_breakpoint\":\"m\",\"icon_width\":80,\"image_align\":\"top\",\"image_grid_width\":\"1-2\",\"image_grid_breakpoint\":\"m\",\"image_svg_color\":\"emphasis\",\"link_text\":\"\",\"link_style\":\"default\",\"margin\":\"default\",\"item_animation\":true,\"text_align\":\"center\",\"title_style\":\"h3\",\"title_font_family\":\"secondary\",\"meta_margin\":\"remove\",\"grid_divider\":false,\"panel_padding\":\"default\",\"item_maxwidth\":\"medium\",\"parallax_easing\":\"1\",\"panel_style\":\"card-primary\",\"image_svg_inline\":false,\"panel_link\":true,\"title_link\":true,\"image_height\":\"100\"},\"children\":[{\"type\":\"grid_item\",\"props\":{\"title\":\"Baustoffe\",\"meta\":\"\",\"image\":\"wp-content\\\/uploads\\\/2022\\\/11\\\/stahl.svg\",\"link\":\"#\",\"content\":\"\n\n<p>Lose, staubf\\u00f6rmige Produkte | Sch\\u00fcttg\\u00fcter aller Art | Palletierte Ware<\\\/p>\"}},{\"type\":\"grid_item\",\"props\":{\"title\":\"Entsorgungs&shy;logistik\",\"meta\":\"\",\"image\":\"wp-content\\\/uploads\\\/2022\\\/11\\\/recycling.svg\",\"link\":\"#\",\"content\":\"\n\n<p class=\\\"m_-2740584638003417259MsoListParagraph\\\"><span>Flugaschen, Zement, Moertel, Kalk, Gips, Streusalze<\\\/span><\\\/p>\"}},{\"type\":\"grid_item\",\"props\":{\"title\":\"Landwirtschaft \",\"meta\":\"\",\"image\":\"wp-content\\\/uploads\\\/2022\\\/12\\\/landwirtschaft.svg\",\"link\":\"#\",\"content\":\"\n\n<p>GMP | Massensch\\u00fcttg\\u00fcter im Agrarbereich<\\\/p>\"}},{\"type\":\"grid_item\",\"props\":{\"title\":\"Weitere Branchen\",\"meta\":\"\",\"image\":\"wp-content\\\/uploads\\\/2022\\\/12\\\/lit-logo_2.svg\",\"link\":\"https:\\\/\\\/www.lit.de\\\/\"}}],\"name\":\"grid_leistungen\"}]}]}],\"name\":\"Products\"},{\"type\":\"section\",\"props\":{\"style\":\"default\",\"width\":\"\",\"vertical_align\":\"middle\",\"title_position\":\"top-left\",\"title_rotation\":\"left\",\"title_breakpoint\":\"xl\",\"image_position\":\"center-center\",\"padding_remove_top\":false,\"animation\":\"fade\",\"css\":\".el-element {\\n        background-image: linear-gradient(90deg, rgba(0,87,68,1) 0%, rgba(32,121,103,1) 100%);\\n       \\n}\"},\"children\":[{\"type\":\"row\",\"children\":[{\"type\":\"column\",\"props\":{\"image_position\":\"center-center\",\"media_overlay_gradient\":\"\",\"width_medium\":\"1-5\",\"vertical_align\":\"middle\",\"image\":\"\",\"padding\":\"large\",\"position_sticky_breakpoint\":\"m\",\"text_color\":\"light\"},\"children\":[]},{\"type\":\"column\",\"props\":{\"position_sticky_breakpoint\":\"m\",\"image_position\":\"center-center\",\"media_overlay_gradient\":\"\",\"width_medium\":\"3-5\",\"text_color\":\"light\"},\"children\":[{\"type\":\"headline\",\"props\":{\"title_element\":\"div\",\"content\":\"\n\n<p>Sie m\\u00f6chten uns schreiben? Nutzen Sie unser <strong>Kontaktformular<\\\/strong> \\u2013 wir melden uns bei Ihnen.<\\\/p>\",\"margin\":\"default\",\"title_style\":\"h2\",\"animation\":\"slide-bottom-small\",\"margin_remove_bottom\":true,\"block_align\":\"center\"}},{\"type\":\"text\",\"props\":{\"margin\":\"default\",\"column_breakpoint\":\"m\",\"content\":\"\n\n<p>[contact-form-7 id=\\\"182\\\" title=\\\"Kontaktformular 1\\\" html_id=\\\"contact-form-7\\\"]<\\\/p>\",\"maxwidth_breakpoint\":\"m\",\"block_align_breakpoint\":\"m\",\"block_align_fallback\":\"center\",\"block_align\":\"center\",\"text_align\":\"left\",\"text_align_breakpoint\":\"m\",\"text_align_fallback\":\"center\",\"css\":\"input[type=\\\"text\\\"],\\ninput[type=\\\"email\\\"],\\ninput[type=\\\"tel\\\"]\\n{\\n    background-color: #fff;\\n    color: #333;\\n    border: 1px solid #dcdcdc;\\n    height: 30px;\\n    width: 95%;\\n    padding-left: 10px;\\n    font-size: 15px;\\n}\\n\\ntextarea\\n{\\n    border: 1px solid #dcdcdc;\\n    width: 95%;\\n    padding-left: 10px;\\n    padding-top: 10px;\\n    font-size: 15px;\\nfont-family: Roboto;\\n}\\n\\ninput[type=\\\"date\\\"] {\\n    \\n    border: 1px solid #dcdcdc;\\n    padding: 5px;\\n    font-family: Roboto;\\n    font-size: 15px;\\n    color: #7f7f7f;\\n}\\n\\nselect\\n{\\n    border: 1px solid #dcdcdc;\\n    padding: 8px;\\n    color: #7f7f7f;\\n}\\n\\n.wpcf7 .wpcf7-submit{\\n      border: 1px solid #004f90;\\n    background-color: #fff;\\n    padding: 15px;\\n    width: 20%;\\n    letter-spacing: 1px;\\n    font-size: 15px;\\n    font-weight: 400;\\n    color: #143848;\\n    transition: .1s ease-in-out;\\n}\\n\\n.wpcf7 .wpcf7-submit:hover{\\n    border: 1px solid #fff;\\n    background-color: #172335;\\n    padding: 15px;\\n    width: 20%;\\n    letter-spacing:1px;\\n        font-size: 15px;\\n    font-weight: 400;\\n    color: #fff;\\n    transition: .1s ease-in-out;\\n}\\n\\n\\n.wpcf7 div.wpcf7-response-output {\\nbackground-color:#044c86;\\nfont-size:18px;\\nborder:none;\\n}\"}},{\"type\":\"html\",\"props\":{\"content\":\"<button form=\\\"contact-form-7\\\" type=\\\"submit\\\" class=\\\"el-content uk-button uk-button-secondary\\\">\\n    Senden\\n<\\\/button>\"}}]},{\"type\":\"column\",\"props\":{\"position_sticky_breakpoint\":\"m\",\"image_position\":\"center-center\",\"media_overlay_gradient\":\"\",\"width_medium\":\"1-5\"},\"children\":[]}],\"props\":{\"layout\":\"1-5,3-5,1-5\",\"column_gap\":\"collapse\",\"row_gap\":\"collapse\",\"attributes\":\"\"}}],\"name\":\"Call to Action\"}],\"version\":\"3.0.9\"} --><\/p>\n","protected":false},"excerpt":{"rendered":"<p>Egal, in welcher Branche Sie t\u00e4tig sind \u2013 Wir bieten Ihnen umfassende L\u00f6sungen Lorem ipsum dolor sit amet, consetetur sadipscing elitr, sed diam nonumy eirmod tempor invidunt ut labore et dolore magna aliquyam erat, sed diam voluptua. At vero eos et accusam et justo duo dolores et ea rebum. Stet clita kasd gubergren, no sea [&hellip;]<\/p>\n","protected":false},"author":2,"featured_media":0,"parent":0,"menu_order":0,"comment_status":"closed","ping_status":"closed","template":"","meta":{"footnotes":""},"class_list":["post-418","page","type-page","status-publish","hentry"],"yoast_head":"<!-- This site is optimized with the Yoast SEO plugin v23.0 - https:\/\/yoast.com\/wordpress\/plugins\/seo\/ -->\n<title>Branchen - CI-Unternehmensgruppe<\/title>\n<meta name=\"description\" content=\"Egal, in welcher Branche Sie t\u00e4tig sind - die Erfolgsbilanzen mit unseren Transportl\u00f6sungen k\u00f6nnen sich sehen lassen.\" \/>\n<meta name=\"robots\" content=\"index, follow, max-snippet:-1, max-image-preview:large, max-video-preview:-1\" \/>\n<link rel=\"canonical\" href=\"https:\/\/ci-gruppe.de\/?page_id=418\" \/>\n<meta property=\"og:locale\" content=\"de_DE\" \/>\n<meta property=\"og:type\" content=\"article\" \/>\n<meta property=\"og:title\" content=\"Branchen - CI-Unternehmensgruppe\" \/>\n<meta property=\"og:description\" content=\"Egal, in welcher Branche Sie t\u00e4tig sind - die Erfolgsbilanzen mit unseren Transportl\u00f6sungen k\u00f6nnen sich sehen lassen.\" \/>\n<meta property=\"og:url\" content=\"https:\/\/ci-gruppe.de\/?page_id=418\" \/>\n<meta property=\"og:site_name\" content=\"CI-Unternehmensgruppe\" \/>\n<meta property=\"article:modified_time\" content=\"2023-01-05T07:27:15+00:00\" \/>\n<meta name=\"twitter:card\" content=\"summary_large_image\" \/>\n<meta name=\"twitter:label1\" content=\"Gesch\u00e4tzte Lesezeit\" \/>\n\t<meta name=\"twitter:data1\" content=\"1\u00a0Minute\" \/>\n<!-- \/ Yoast SEO plugin. -->","yoast_head_json":{"title":"Branchen - CI-Unternehmensgruppe","description":"Egal, in welcher Branche Sie t\u00e4tig sind - die Erfolgsbilanzen mit unseren Transportl\u00f6sungen k\u00f6nnen sich sehen lassen.","robots":{"index":"index","follow":"follow","max-snippet":"max-snippet:-1","max-image-preview":"max-image-preview:large","max-video-preview":"max-video-preview:-1"},"canonical":"https:\/\/ci-gruppe.de\/?page_id=418","og_locale":"de_DE","og_type":"article","og_title":"Branchen - CI-Unternehmensgruppe","og_description":"Egal, in welcher Branche Sie t\u00e4tig sind - die Erfolgsbilanzen mit unseren Transportl\u00f6sungen k\u00f6nnen sich sehen lassen.","og_url":"https:\/\/ci-gruppe.de\/?page_id=418","og_site_name":"CI-Unternehmensgruppe","article_modified_time":"2023-01-05T07:27:15+00:00","twitter_card":"summary_large_image","twitter_misc":{"Gesch\u00e4tzte Lesezeit":"1\u00a0Minute"},"schema":{"@context":"https:\/\/schema.org","@graph":[{"@type":"WebPage","@id":"https:\/\/ci-gruppe.de\/?page_id=418","url":"https:\/\/ci-gruppe.de\/?page_id=418","name":"Branchen - CI-Unternehmensgruppe","isPartOf":{"@id":"https:\/\/ci-gruppe.de\/#website"},"datePublished":"2022-02-14T10:13:52+00:00","dateModified":"2023-01-05T07:27:15+00:00","description":"Egal, in welcher Branche Sie t\u00e4tig sind - die Erfolgsbilanzen mit unseren Transportl\u00f6sungen k\u00f6nnen sich sehen lassen.","breadcrumb":{"@id":"https:\/\/ci-gruppe.de\/?page_id=418#breadcrumb"},"inLanguage":"de","potentialAction":[{"@type":"ReadAction","target":["https:\/\/ci-gruppe.de\/?page_id=418"]}]},{"@type":"BreadcrumbList","@id":"https:\/\/ci-gruppe.de\/?page_id=418#breadcrumb","itemListElement":[{"@type":"ListItem","position":1,"name":"Startseite","item":"https:\/\/ci-gruppe.de\/"},{"@type":"ListItem","position":2,"name":"Branchen"}]},{"@type":"WebSite","@id":"https:\/\/ci-gruppe.de\/#website","url":"https:\/\/ci-gruppe.de\/","name":"CI-Unternehmensgruppe","description":"Wir denken Logistik!","publisher":{"@id":"https:\/\/ci-gruppe.de\/#organization"},"potentialAction":[{"@type":"SearchAction","target":{"@type":"EntryPoint","urlTemplate":"https:\/\/ci-gruppe.de\/?s={search_term_string}"},"query-input":"required name=search_term_string"}],"inLanguage":"de"},{"@type":"Organization","@id":"https:\/\/ci-gruppe.de\/#organization","name":"S\u00fcdvolumen GmbH","url":"https:\/\/ci-gruppe.de\/","logo":{"@type":"ImageObject","inLanguage":"de","@id":"https:\/\/ci-gruppe.de\/#\/schema\/logo\/image\/","url":"http:\/\/westfalia-intralog.eu\/wordpress\/wp-content\/uploads\/2022\/02\/SV_Logo-mit-Claim.png","contentUrl":"http:\/\/westfalia-intralog.eu\/wordpress\/wp-content\/uploads\/2022\/02\/SV_Logo-mit-Claim.png","width":3544,"height":758,"caption":"S\u00fcdvolumen GmbH"},"image":{"@id":"https:\/\/ci-gruppe.de\/#\/schema\/logo\/image\/"}}]}},"_links":{"self":[{"href":"https:\/\/ci-gruppe.de\/index.php?rest_route=\/wp\/v2\/pages\/418","targetHints":{"allow":["GET"]}}],"collection":[{"href":"https:\/\/ci-gruppe.de\/index.php?rest_route=\/wp\/v2\/pages"}],"about":[{"href":"https:\/\/ci-gruppe.de\/index.php?rest_route=\/wp\/v2\/types\/page"}],"author":[{"embeddable":true,"href":"https:\/\/ci-gruppe.de\/index.php?rest_route=\/wp\/v2\/users\/2"}],"replies":[{"embeddable":true,"href":"https:\/\/ci-gruppe.de\/index.php?rest_route=%2Fwp%2Fv2%2Fcomments&post=418"}],"version-history":[{"count":0,"href":"https:\/\/ci-gruppe.de\/index.php?rest_route=\/wp\/v2\/pages\/418\/revisions"}],"wp:attachment":[{"href":"https:\/\/ci-gruppe.de\/index.php?rest_route=%2Fwp%2Fv2%2Fmedia&parent=418"}],"curies":[{"name":"wp","href":"https:\/\/api.w.org\/{rel}","templated":true}]}}