{"id":2213,"date":"2022-11-03T13:08:45","date_gmt":"2022-11-03T13:08:45","guid":{"rendered":"https:\/\/ci-gruppe.de\/?page_id=2213"},"modified":"2023-04-05T14:03:16","modified_gmt":"2023-04-05T14:03:16","slug":"entsorgung","status":"publish","type":"page","link":"https:\/\/ci-gruppe.de\/?page_id=2213","title":{"rendered":"Entsorgung"},"content":{"rendered":"<h2>Branchen<\/h2>\n<h1>Entsorgungslogistik<\/h1>\n<div>\n<p>Logistik ist heute \u00fcberall dort vorzufinden, wo Waren produziert werden. Von entscheidender Relevanz f\u00fcr den reibungslosen Ablauf der Logistik ist auch die Beseitigung aller nicht wieder verwertbaren Produktionsr\u00fcckst\u00e4nde.<\/p>\n<p>Als Dienstleister oder produzierender Betrieb ben\u00f6tigen Sie ein zuverl\u00e4ssiges Entsorgungsunternehmen, welches die strengen und umfangreichen Regelungen f\u00fcr die Entsorgung von Abf\u00e4llen \u00fcbernimmt? Wir sind zertifiziert als Entsorgungsfachbetrieb nach \u00a756 Kreislaufwirtschaftsgesetz f\u00fcr die T\u00e4tigkeiten Bef\u00f6rdern, Handeln und Makeln.<\/p>\n<p>Mit uns haben Sie in Sachen Entsorgungslogistik einen starken und erfahrenen Partner, der Ihnen ma\u00dfgeschneiderte L\u00f6sungen anbieten kann.<\/p>\n<\/div>\n<h2>Anfragen<\/h2>\n<div>Sie m\u00f6chten mehr erfahren? <strong>Schreiben Sie uns!<\/strong><\/div>\n<div>\n\n<div class=\"wpcf7 no-js\" id=\"wpcf7-f182-o1\" lang=\"de-DE\" dir=\"ltr\">\n<div class=\"screen-reader-response\"><p role=\"status\" aria-live=\"polite\" aria-atomic=\"true\"><\/p> <ul><\/ul><\/div>\n<form action=\"\/index.php?rest_route=%2Fwp%2Fv2%2Fpages%2F2213#wpcf7-f182-o1\" method=\"post\" class=\"wpcf7-form init\" id=\"contact-form-7\" aria-label=\"Kontaktformular\" novalidate=\"novalidate\" data-status=\"init\">\n<div style=\"display: none;\">\n<input type=\"hidden\" name=\"_wpcf7\" value=\"182\" \/>\n<input type=\"hidden\" name=\"_wpcf7_version\" value=\"5.9.6\" \/>\n<input type=\"hidden\" name=\"_wpcf7_locale\" value=\"de_DE\" \/>\n<input type=\"hidden\" name=\"_wpcf7_unit_tag\" value=\"wpcf7-f182-o1\" \/>\n<input type=\"hidden\" name=\"_wpcf7_container_post\" value=\"0\" \/>\n<input type=\"hidden\" name=\"_wpcf7_posted_data_hash\" value=\"\" \/>\n<\/div>\n<p><label> <span class=\"wpcf7-form-control-wrap\" data-name=\"your-name\"><input size=\"40\" maxlength=\"80\" class=\"wpcf7-form-control wpcf7-text wpcf7-validates-as-required\" aria-required=\"true\" aria-invalid=\"false\" placeholder=\"Vorname, Name\" value=\"\" type=\"text\" name=\"your-name\" \/><\/span> <\/label>\n<\/p>\n<p><label> <span class=\"wpcf7-form-control-wrap\" data-name=\"your-email\"><input size=\"40\" maxlength=\"80\" class=\"wpcf7-form-control wpcf7-email wpcf7-validates-as-required wpcf7-text wpcf7-validates-as-email\" aria-required=\"true\" aria-invalid=\"false\" placeholder=\"Ihre E-Mail Adresse\" value=\"\" type=\"email\" name=\"your-email\" \/><\/span> <\/label>\n<\/p>\n<p><label> <span class=\"wpcf7-form-control-wrap\" data-name=\"tel-946\"><input size=\"40\" maxlength=\"80\" class=\"wpcf7-form-control wpcf7-tel wpcf7-text wpcf7-validates-as-tel\" aria-invalid=\"false\" placeholder=\"Ihre Telefonnummer\" value=\"\" type=\"tel\" name=\"tel-946\" \/><\/span> <\/label>\n<\/p>\n<p><label> <span class=\"wpcf7-form-control-wrap\" data-name=\"your-message\"><textarea cols=\"40\" rows=\"10\" maxlength=\"400\" class=\"wpcf7-form-control wpcf7-textarea wpcf7-validates-as-required\" aria-required=\"true\" aria-invalid=\"false\" placeholder=\"Ihre Nachricht\" name=\"your-message\"><\/textarea><\/span> <\/label>\n<\/p>\n<p><span class=\"wpcf7-form-control-wrap\" data-name=\"checkbox-833\"><span class=\"wpcf7-form-control wpcf7-checkbox wpcf7-validates-as-required\"><span class=\"wpcf7-list-item first last\"><label><input type=\"checkbox\" name=\"checkbox-833[]\" value=\"Durch das Anklicken des Buttons \u201eE-Mail abschicken\u201c erkl\u00e4re ich mich damit einverstanden, dass die CI Gruppe mit mir Kontakt per E-Mail oder Telefon aufnimmt. Meine Einwilligung kann ich jederzeit gegen\u00fcber der CI Gruppe widerrufen. Mehr Informationen finden Sie auf unserer Datenschutz-Seite.\" \/><span class=\"wpcf7-list-item-label\">Durch das Anklicken des Buttons \u201eE-Mail abschicken\u201c erkl\u00e4re ich mich damit einverstanden, dass die CI Gruppe mit mir Kontakt per E-Mail oder Telefon aufnimmt. Meine Einwilligung kann ich jederzeit gegen\u00fcber der CI Gruppe widerrufen. Mehr Informationen finden Sie auf unserer Datenschutz-Seite.<\/span><\/label><\/span><\/span><\/span>\n<\/p><div class=\"wpcf7-response-output\" aria-hidden=\"true\"><\/div>\n<\/form>\n<\/div>\n\n<\/div>\n<div>\n<p>    <button form=\"contact-form-7\" type=\"submit\" class=\"el-content uk-button uk-button-secondary\"><br \/>\n    Senden<br \/>\n<\/button>\n<\/div>\n<p><!--more--><br \/>\n<!-- {\"type\":\"layout\",\"children\":[{\"type\":\"section\",\"props\":{\"style\":\"default\",\"width\":\"default\",\"vertical_align\":\"middle\",\"title_position\":\"top-left\",\"title_rotation\":\"left\",\"title_breakpoint\":\"xl\",\"image_position\":\"center-center\",\"padding\":\"large\",\"image\":\"wp-content\\\/uploads\\\/2023\\\/04\\\/AdobeStock_439931459_2.jpg\",\"css\":\"@media (min-width: 960px) {\\n    .el-section > div  {\\n        padding-top: 250px;\\n        padding-bottom: 250px;\\n    }\\n}\",\"image_size\":\"cover\",\"image_width\":\"1840\",\"image_loading\":true},\"children\":[{\"type\":\"row\",\"children\":[{\"type\":\"column\",\"props\":{\"image_position\":\"center-center\",\"media_overlay_gradient\":\"\",\"width_medium\":\"1-1\",\"position_sticky_breakpoint\":\"m\"},\"children\":[]}]}],\"name\":\"Hero\"},{\"name\":\"Showroom\",\"type\":\"section\",\"props\":{\"width\":\"\",\"style\":\"default\",\"text_color\":\"light\",\"media\":\"images\\\/home-quality.jpg\",\"height_viewport\":false,\"image\":\"\",\"animation\":\"fade\",\"image_size\":\"cover\",\"image_position\":\"center-center\",\"overlap\":false,\"padding_remove_bottom\":false,\"padding_remove_top\":false,\"vertical_align\":\"middle\",\"title_position\":\"top-left\",\"title_rotation\":\"left\",\"title_breakpoint\":\"xl\",\"id\":\"logistik\",\"width_expand\":\"right\",\"padding_remove_horizontal\":false},\"children\":[{\"name\":\"\",\"type\":\"row\",\"props\":{\"divider\":false,\"margin\":\"remove-vertical\",\"vertical_align\":true,\"match\":false,\"column_gap\":\"medium\",\"row_gap\":\"collapse\",\"width\":\"default\",\"width_expand\":\"right\"},\"children\":[{\"name\":\"\",\"type\":\"column\",\"props\":{\"image_position\":\"center-center\",\"padding\":\"xlarge\",\"vertical_align\":\"middle\",\"media_overlay_gradient\":\"\",\"width_medium\":\"\",\"position_sticky_breakpoint\":\"m\"},\"children\":[{\"type\":\"headline\",\"props\":{\"title_element\":\"h2\",\"content\":\"Branchen\",\"title_style\":\"h4\",\"animation\":\"slide-top-small\",\"block_align\":\"center\",\"css\":\".el-element {\\n    color: #000000;\\n}\"}},{\"name\":\"\",\"type\":\"headline\",\"props\":{\"title_element\":\"h1\",\"content\":\"Entsorgungslogistik\",\"title_style\":\"heading-medium\",\"text_align\":\"left\",\"animation\":\"parallax\",\"margin\":\"small\",\"margin_remove_top\":false,\"margin_remove_bottom\":false,\"parallax_velocity\":\"\",\"parallax_breakpoint\":\"s\",\"block_align\":\"center\",\"parallax_y\":\"0,-50\",\"parallax_easing\":\"1\"}},{\"name\":\"\",\"type\":\"text\",\"props\":{\"column_breakpoint\":\"m\",\"margin\":\"medium\",\"content\":\"\n\n<p>Logistik ist heute \\u00fcberall dort vorzufinden, wo Waren produziert werden. Von entscheidender Relevanz f\\u00fcr den reibungslosen Ablauf der Logistik ist auch die Beseitigung aller nicht wieder verwertbaren Produktionsr\\u00fcckst\\u00e4nde.<\\\/p>\\n\n\n<p>Als Dienstleister oder produzierender Betrieb ben\\u00f6tigen Sie ein zuverl\\u00e4ssiges Entsorgungsunternehmen, welches die strengen und umfangreichen Regelungen f\\u00fcr die Entsorgung von Abf\\u00e4llen \\u00fcbernimmt? Wir sind zertifiziert als Entsorgungsfachbetrieb nach \\u00a756 Kreislaufwirtschaftsgesetz f\\u00fcr die T\\u00e4tigkeiten Bef\\u00f6rdern, Handeln und Makeln.<\\\/p>\\n\n\n<p>Mit uns haben Sie in Sachen Entsorgungslogistik einen starken und erfahrenen Partner, der Ihnen ma\\u00dfgeschneiderte L\\u00f6sungen anbieten kann.<\\\/p>\",\"text_style\":\"lead\",\"text_align\":\"left\",\"animation\":\"parallax\",\"parallax_velocity\":\"\",\"parallax_breakpoint\":\"s\",\"css\":\".el-element {\\n    color: #000;\\n}\",\"block_align\":\"center\",\"parallax_y\":\"0,-50\",\"parallax_easing\":\"1\",\"column\":\"1-2\"}}]}]}]},{\"type\":\"section\",\"props\":{\"style\":\"default\",\"width\":\"\",\"vertical_align\":\"middle\",\"title_position\":\"top-left\",\"title_rotation\":\"left\",\"title_breakpoint\":\"xl\",\"image_position\":\"center-center\",\"padding_remove_top\":false,\"animation\":\"fade\",\"image\":\"\",\"image_size\":\"cover\",\"media_overlay\":\"rgba(255, 255, 255, 0.94)\",\"text_color\":\"dark\",\"id\":\"kontakt\",\"css\":\".el-element {\\n    background: #f2f2f2;\\n}\"},\"children\":[{\"type\":\"row\",\"children\":[{\"type\":\"column\",\"props\":{\"image_position\":\"center-center\",\"media_overlay_gradient\":\"\",\"width_medium\":\"\",\"vertical_align\":\"middle\",\"image\":\"\",\"padding\":\"large\",\"position_sticky_breakpoint\":\"m\",\"text_color\":\"dark\"},\"children\":[{\"type\":\"headline\",\"props\":{\"title_element\":\"h2\",\"content\":\"Anfragen\",\"title_style\":\"h4\",\"animation\":\"slide-top-small\",\"block_align\":\"center\",\"css\":\".el-element {\\n    color: #000000;\\n}\"}},{\"type\":\"headline\",\"props\":{\"title_element\":\"div\",\"content\":\"Sie m\\u00f6chten mehr erfahren? <strong>Schreiben Sie uns!<\\\/strong>\",\"margin\":\"default\",\"title_style\":\"heading-small\",\"animation\":\"slide-bottom-small\",\"margin_remove_bottom\":true,\"title_font_family\":\"secondary\"}},{\"type\":\"text\",\"props\":{\"margin\":\"default\",\"column_breakpoint\":\"m\",\"content\":\"\n\n<p>[contact-form-7 id=\\\"182\\\" title=\\\"Kontaktformular 1\\\" html_id=\\\"contact-form-7\\\"]<\\\/p>\",\"maxwidth_breakpoint\":\"m\",\"block_align_breakpoint\":\"m\",\"block_align_fallback\":\"center\",\"block_align\":\"center\",\"text_align\":\"left\",\"text_align_breakpoint\":\"m\",\"text_align_fallback\":\"center\",\"css\":\"input[type=\\\"text\\\"],\\ninput[type=\\\"email\\\"],\\ninput[type=\\\"tel\\\"]\\n{\\n    background-color: #fff;\\n    color: #333;\\n    border: 1px solid #dcdcdc;\\n    height: 30px;\\n    width: 95%;\\n    padding-left: 10px;\\n    font-size: 15px;\\n}\\n\\ntextarea\\n{\\n    border: 1px solid #dcdcdc;\\n    width: 95%;\\n    padding-left: 10px;\\n    padding-top: 10px;\\n    font-size: 15px;\\nfont-family: Roboto;\\n}\\n\\ninput[type=\\\"date\\\"] {\\n    \\n    border: 1px solid #dcdcdc;\\n    padding: 5px;\\n    font-family: Roboto;\\n    font-size: 15px;\\n    color: #7f7f7f;\\n}\\n\\nselect\\n{\\n    border: 1px solid #dcdcdc;\\n    padding: 8px;\\n    color: #7f7f7f;\\n}\\n\\n.wpcf7 .wpcf7-submit{\\n      border: 1px solid #004f90;\\n    background-color: #fff;\\n    padding: 15px;\\n    width: 20%;\\n    letter-spacing: 1px;\\n    font-size: 15px;\\n    font-weight: 400;\\n    color: #143848;\\n    transition: .1s ease-in-out;\\n}\\n\\n.wpcf7 .wpcf7-submit:hover{\\n    border: 1px solid #fff;\\n    background-color: #172335;\\n    padding: 15px;\\n    width: 20%;\\n    letter-spacing:1px;\\n        font-size: 15px;\\n    font-weight: 400;\\n    color: #fff;\\n    transition: .1s ease-in-out;\\n}\\n\\n\\n.wpcf7 div.wpcf7-response-output {\\nbackground-color:#044c86;\\nfont-size:18px;\\nborder:none;\\n}\"}},{\"type\":\"html\",\"props\":{\"content\":\"<button form=\\\"contact-form-7\\\" type=\\\"submit\\\" class=\\\"el-content uk-button uk-button-secondary\\\">\\n    Senden\\n<\\\/button>\"}}]}],\"props\":{\"column_gap\":\"collapse\",\"row_gap\":\"collapse\",\"attributes\":\"\",\"width\":\"default\"}}],\"name\":\"call to action_neu\"}],\"version\":\"3.0.9\"} --><\/p>\n","protected":false},"excerpt":{"rendered":"<p>Branchen Entsorgungslogistik Logistik ist heute \u00fcberall dort vorzufinden, wo Waren produziert werden. Von entscheidender Relevanz f\u00fcr den reibungslosen Ablauf der Logistik ist auch die Beseitigung aller nicht wieder verwertbaren Produktionsr\u00fcckst\u00e4nde. Als Dienstleister oder produzierender Betrieb ben\u00f6tigen Sie ein zuverl\u00e4ssiges Entsorgungsunternehmen, welches die strengen und umfangreichen Regelungen f\u00fcr die Entsorgung von Abf\u00e4llen \u00fcbernimmt? Wir sind zertifiziert [&hellip;]<\/p>\n","protected":false},"author":2,"featured_media":0,"parent":0,"menu_order":0,"comment_status":"closed","ping_status":"closed","template":"","meta":{"footnotes":""},"class_list":["post-2213","page","type-page","status-publish","hentry"],"yoast_head":"<!-- This site is optimized with the Yoast SEO plugin v23.0 - https:\/\/yoast.com\/wordpress\/plugins\/seo\/ -->\n<title>Entsorgung - CI-Unternehmensgruppe<\/title>\n<meta name=\"robots\" content=\"index, follow, max-snippet:-1, max-image-preview:large, max-video-preview:-1\" \/>\n<link rel=\"canonical\" href=\"https:\/\/ci-gruppe.de\/?page_id=2213\" \/>\n<meta property=\"og:locale\" content=\"de_DE\" \/>\n<meta property=\"og:type\" content=\"article\" \/>\n<meta property=\"og:title\" content=\"Entsorgung - CI-Unternehmensgruppe\" \/>\n<meta property=\"og:description\" content=\"Branchen Entsorgungslogistik Logistik ist heute \u00fcberall dort vorzufinden, wo Waren produziert werden. Von entscheidender Relevanz f\u00fcr den reibungslosen Ablauf der Logistik ist auch die Beseitigung aller nicht wieder verwertbaren Produktionsr\u00fcckst\u00e4nde. Als Dienstleister oder produzierender Betrieb ben\u00f6tigen Sie ein zuverl\u00e4ssiges Entsorgungsunternehmen, welches die strengen und umfangreichen Regelungen f\u00fcr die Entsorgung von Abf\u00e4llen \u00fcbernimmt? Wir sind zertifiziert [&hellip;]\" \/>\n<meta property=\"og:url\" content=\"https:\/\/ci-gruppe.de\/?page_id=2213\" \/>\n<meta property=\"og:site_name\" content=\"CI-Unternehmensgruppe\" \/>\n<meta property=\"article:modified_time\" content=\"2023-04-05T14:03:16+00:00\" \/>\n<meta name=\"twitter:card\" content=\"summary_large_image\" \/>\n<meta name=\"twitter:label1\" content=\"Gesch\u00e4tzte Lesezeit\" \/>\n\t<meta name=\"twitter:data1\" content=\"1\u00a0Minute\" \/>\n<!-- \/ Yoast SEO plugin. -->","yoast_head_json":{"title":"Entsorgung - CI-Unternehmensgruppe","robots":{"index":"index","follow":"follow","max-snippet":"max-snippet:-1","max-image-preview":"max-image-preview:large","max-video-preview":"max-video-preview:-1"},"canonical":"https:\/\/ci-gruppe.de\/?page_id=2213","og_locale":"de_DE","og_type":"article","og_title":"Entsorgung - CI-Unternehmensgruppe","og_description":"Branchen Entsorgungslogistik Logistik ist heute \u00fcberall dort vorzufinden, wo Waren produziert werden. Von entscheidender Relevanz f\u00fcr den reibungslosen Ablauf der Logistik ist auch die Beseitigung aller nicht wieder verwertbaren Produktionsr\u00fcckst\u00e4nde. Als Dienstleister oder produzierender Betrieb ben\u00f6tigen Sie ein zuverl\u00e4ssiges Entsorgungsunternehmen, welches die strengen und umfangreichen Regelungen f\u00fcr die Entsorgung von Abf\u00e4llen \u00fcbernimmt? Wir sind zertifiziert [&hellip;]","og_url":"https:\/\/ci-gruppe.de\/?page_id=2213","og_site_name":"CI-Unternehmensgruppe","article_modified_time":"2023-04-05T14:03:16+00:00","twitter_card":"summary_large_image","twitter_misc":{"Gesch\u00e4tzte Lesezeit":"1\u00a0Minute"},"schema":{"@context":"https:\/\/schema.org","@graph":[{"@type":"WebPage","@id":"https:\/\/ci-gruppe.de\/?page_id=2213","url":"https:\/\/ci-gruppe.de\/?page_id=2213","name":"Entsorgung - CI-Unternehmensgruppe","isPartOf":{"@id":"https:\/\/ci-gruppe.de\/#website"},"datePublished":"2022-11-03T13:08:45+00:00","dateModified":"2023-04-05T14:03:16+00:00","breadcrumb":{"@id":"https:\/\/ci-gruppe.de\/?page_id=2213#breadcrumb"},"inLanguage":"de","potentialAction":[{"@type":"ReadAction","target":["https:\/\/ci-gruppe.de\/?page_id=2213"]}]},{"@type":"BreadcrumbList","@id":"https:\/\/ci-gruppe.de\/?page_id=2213#breadcrumb","itemListElement":[{"@type":"ListItem","position":1,"name":"Startseite","item":"https:\/\/ci-gruppe.de\/"},{"@type":"ListItem","position":2,"name":"Entsorgung"}]},{"@type":"WebSite","@id":"https:\/\/ci-gruppe.de\/#website","url":"https:\/\/ci-gruppe.de\/","name":"CI-Unternehmensgruppe","description":"Wir denken Logistik!","publisher":{"@id":"https:\/\/ci-gruppe.de\/#organization"},"potentialAction":[{"@type":"SearchAction","target":{"@type":"EntryPoint","urlTemplate":"https:\/\/ci-gruppe.de\/?s={search_term_string}"},"query-input":"required name=search_term_string"}],"inLanguage":"de"},{"@type":"Organization","@id":"https:\/\/ci-gruppe.de\/#organization","name":"S\u00fcdvolumen GmbH","url":"https:\/\/ci-gruppe.de\/","logo":{"@type":"ImageObject","inLanguage":"de","@id":"https:\/\/ci-gruppe.de\/#\/schema\/logo\/image\/","url":"http:\/\/westfalia-intralog.eu\/wordpress\/wp-content\/uploads\/2022\/02\/SV_Logo-mit-Claim.png","contentUrl":"http:\/\/westfalia-intralog.eu\/wordpress\/wp-content\/uploads\/2022\/02\/SV_Logo-mit-Claim.png","width":3544,"height":758,"caption":"S\u00fcdvolumen GmbH"},"image":{"@id":"https:\/\/ci-gruppe.de\/#\/schema\/logo\/image\/"}}]}},"_links":{"self":[{"href":"https:\/\/ci-gruppe.de\/index.php?rest_route=\/wp\/v2\/pages\/2213","targetHints":{"allow":["GET"]}}],"collection":[{"href":"https:\/\/ci-gruppe.de\/index.php?rest_route=\/wp\/v2\/pages"}],"about":[{"href":"https:\/\/ci-gruppe.de\/index.php?rest_route=\/wp\/v2\/types\/page"}],"author":[{"embeddable":true,"href":"https:\/\/ci-gruppe.de\/index.php?rest_route=\/wp\/v2\/users\/2"}],"replies":[{"embeddable":true,"href":"https:\/\/ci-gruppe.de\/index.php?rest_route=%2Fwp%2Fv2%2Fcomments&post=2213"}],"version-history":[{"count":0,"href":"https:\/\/ci-gruppe.de\/index.php?rest_route=\/wp\/v2\/pages\/2213\/revisions"}],"wp:attachment":[{"href":"https:\/\/ci-gruppe.de\/index.php?rest_route=%2Fwp%2Fv2%2Fmedia&parent=2213"}],"curies":[{"name":"wp","href":"https:\/\/api.w.org\/{rel}","templated":true}]}}